{"id":1129,"date":"2019-04-09T12:19:35","date_gmt":"2019-04-09T10:19:35","guid":{"rendered":"https:\/\/mw-praezisionsdrehen.de\/?page_id=1129"},"modified":"2025-08-25T15:38:03","modified_gmt":"2025-08-25T13:38:03","slug":"site-notice","status":"publish","type":"page","link":"https:\/\/mw-praezisionsdrehen.de\/en\/site-notice\/","title":{"rendered":"Site Notice"},"content":{"rendered":"<p>[et_pb_section fb_built=&#8221;1&#8243; _builder_version=&#8221;4.23.1&#8243; _module_preset=&#8221;default&#8221; global_colors_info=&#8221;{}&#8221;][et_pb_row _builder_version=&#8221;4.23.1&#8243; _module_preset=&#8221;default&#8221; global_colors_info=&#8221;{}&#8221;][et_pb_column type=&#8221;4_4&#8243; _builder_version=&#8221;4.23.1&#8243; _module_preset=&#8221;default&#8221; global_colors_info=&#8221;{}&#8221;][et_pb_text _builder_version=&#8221;4.27.4&#8243; _module_preset=&#8221;default&#8221; hover_enabled=&#8221;0&#8243; global_colors_info=&#8221;{}&#8221; sticky_enabled=&#8221;0&#8243;]<\/p>\n<h1>Site Notice<\/h1>\n<p>Mike Weinbrenner<br \/>MW-Pr\u00e4zisionsdrehtechnik<br \/>Basaltstra\u00dfe 7<br \/>57578 Elkenroth<\/p>\n<h2>Contact<\/h2>\n<p>Phone: +49 2747 9146-11<br \/>Telefax: +49 2747 9146-13<br \/>E-mail: info@mw-praezisionsdrehen.de<\/p>\n<h2>VAT ID<\/h2>\n<p>Sales tax identification number according to Sect. 27 a of the Sales Tax Law:<br \/>DE177445104<\/p>\n<h2>Dispute resolution proceedings in front of a consumer arbitration board<\/h2>\n<p>We are not willing or obliged to participate in dispute resolution proceedings in front of a consumer arbitration board.<\/p>\n<p>[\/et_pb_text][\/et_pb_column][\/et_pb_row][\/et_pb_section]<\/p>\n","protected":false},"excerpt":{"rendered":"<p>Site Notice Mike WeinbrennerMW-Pr\u00e4zisionsdrehtechnikBasaltstra\u00dfe 757578 Elkenroth Contact Phone: +49 2747 9146-11Telefax: +49 2747 9146-13E-mail: info@mw-praezisionsdrehen.de VAT ID Sales tax identification number according to Sect. 27 a of the Sales Tax Law:DE177445104 Dispute resolution proceedings in front of a consumer arbitration board We are not willing or obliged to participate in dispute resolution proceedings in front [&hellip;]<\/p>\n","protected":false},"author":7,"featured_media":0,"parent":0,"menu_order":1100,"comment_status":"closed","ping_status":"closed","template":"","meta":{"_et_pb_use_builder":"on","_et_pb_old_content":"","_et_gb_content_width":"","inline_featured_image":false,"footnotes":""},"class_list":["post-1129","page","type-page","status-publish","hentry"],"yoast_head":"<!-- This site is optimized with the Yoast SEO plugin v26.1.1 - https:\/\/yoast.com\/wordpress\/plugins\/seo\/ -->\n<title>Site Notice - MW Industrieservice Pr\u00e4zisionsdrehtechnik<\/title>\n<meta name=\"robots\" content=\"index, follow, max-snippet:-1, max-image-preview:large, max-video-preview:-1\" \/>\n<link rel=\"canonical\" href=\"https:\/\/mw-praezisionsdrehen.de\/en\/site-notice\/\" \/>\n<meta property=\"og:locale\" content=\"en_US\" \/>\n<meta property=\"og:type\" content=\"article\" \/>\n<meta property=\"og:title\" content=\"Site Notice - MW Industrieservice Pr\u00e4zisionsdrehtechnik\" \/>\n<meta property=\"og:description\" content=\"Site Notice Mike WeinbrennerMW-Pr\u00e4zisionsdrehtechnikBasaltstra\u00dfe 757578 Elkenroth Contact Phone: +49 2747 9146-11Telefax: +49 2747 9146-13E-mail: info@mw-praezisionsdrehen.de VAT ID Sales tax identification number according to Sect. 27 a of the Sales Tax Law:DE177445104 Dispute resolution proceedings in front of a consumer arbitration board We are not willing or obliged to participate in dispute resolution proceedings in front [&hellip;]\" \/>\n<meta property=\"og:url\" content=\"https:\/\/mw-praezisionsdrehen.de\/en\/site-notice\/\" \/>\n<meta property=\"og:site_name\" content=\"MW Industrieservice Pr\u00e4zisionsdrehtechnik\" \/>\n<meta property=\"article:modified_time\" content=\"2025-08-25T13:38:03+00:00\" \/>\n<meta name=\"twitter:card\" content=\"summary_large_image\" \/>\n<script type=\"application\/ld+json\" class=\"yoast-schema-graph\">{\"@context\":\"https:\/\/schema.org\",\"@graph\":[{\"@type\":\"WebPage\",\"@id\":\"https:\/\/mw-praezisionsdrehen.de\/en\/site-notice\/\",\"url\":\"https:\/\/mw-praezisionsdrehen.de\/en\/site-notice\/\",\"name\":\"Site Notice - MW Industrieservice Pr\u00e4zisionsdrehtechnik\",\"isPartOf\":{\"@id\":\"https:\/\/mw-praezisionsdrehen.de\/en\/#website\"},\"datePublished\":\"2019-04-09T10:19:35+00:00\",\"dateModified\":\"2025-08-25T13:38:03+00:00\",\"breadcrumb\":{\"@id\":\"https:\/\/mw-praezisionsdrehen.de\/en\/site-notice\/#breadcrumb\"},\"inLanguage\":\"en-US\",\"potentialAction\":[{\"@type\":\"ReadAction\",\"target\":[\"https:\/\/mw-praezisionsdrehen.de\/en\/site-notice\/\"]}]},{\"@type\":\"BreadcrumbList\",\"@id\":\"https:\/\/mw-praezisionsdrehen.de\/en\/site-notice\/#breadcrumb\",\"itemListElement\":[{\"@type\":\"ListItem\",\"position\":1,\"name\":\"Home\",\"item\":\"https:\/\/mw-praezisionsdrehen.de\/en\/\"},{\"@type\":\"ListItem\",\"position\":2,\"name\":\"Site Notice\"}]},{\"@type\":\"WebSite\",\"@id\":\"https:\/\/mw-praezisionsdrehen.de\/en\/#website\",\"url\":\"https:\/\/mw-praezisionsdrehen.de\/en\/\",\"name\":\"MW Industrieservice Pr\u00e4zisionsdrehtechnik\",\"description\":\"\",\"potentialAction\":[{\"@type\":\"SearchAction\",\"target\":{\"@type\":\"EntryPoint\",\"urlTemplate\":\"https:\/\/mw-praezisionsdrehen.de\/en\/?s={search_term_string}\"},\"query-input\":{\"@type\":\"PropertyValueSpecification\",\"valueRequired\":true,\"valueName\":\"search_term_string\"}}],\"inLanguage\":\"en-US\"}]}<\/script>\n<!-- \/ Yoast SEO plugin. -->","yoast_head_json":{"title":"Site Notice - MW Industrieservice Pr\u00e4zisionsdrehtechnik","robots":{"index":"index","follow":"follow","max-snippet":"max-snippet:-1","max-image-preview":"max-image-preview:large","max-video-preview":"max-video-preview:-1"},"canonical":"https:\/\/mw-praezisionsdrehen.de\/en\/site-notice\/","og_locale":"en_US","og_type":"article","og_title":"Site Notice - MW Industrieservice Pr\u00e4zisionsdrehtechnik","og_description":"Site Notice Mike WeinbrennerMW-Pr\u00e4zisionsdrehtechnikBasaltstra\u00dfe 757578 Elkenroth Contact Phone: +49 2747 9146-11Telefax: +49 2747 9146-13E-mail: info@mw-praezisionsdrehen.de VAT ID Sales tax identification number according to Sect. 27 a of the Sales Tax Law:DE177445104 Dispute resolution proceedings in front of a consumer arbitration board We are not willing or obliged to participate in dispute resolution proceedings in front [&hellip;]","og_url":"https:\/\/mw-praezisionsdrehen.de\/en\/site-notice\/","og_site_name":"MW Industrieservice Pr\u00e4zisionsdrehtechnik","article_modified_time":"2025-08-25T13:38:03+00:00","twitter_card":"summary_large_image","schema":{"@context":"https:\/\/schema.org","@graph":[{"@type":"WebPage","@id":"https:\/\/mw-praezisionsdrehen.de\/en\/site-notice\/","url":"https:\/\/mw-praezisionsdrehen.de\/en\/site-notice\/","name":"Site Notice - MW Industrieservice Pr\u00e4zisionsdrehtechnik","isPartOf":{"@id":"https:\/\/mw-praezisionsdrehen.de\/en\/#website"},"datePublished":"2019-04-09T10:19:35+00:00","dateModified":"2025-08-25T13:38:03+00:00","breadcrumb":{"@id":"https:\/\/mw-praezisionsdrehen.de\/en\/site-notice\/#breadcrumb"},"inLanguage":"en-US","potentialAction":[{"@type":"ReadAction","target":["https:\/\/mw-praezisionsdrehen.de\/en\/site-notice\/"]}]},{"@type":"BreadcrumbList","@id":"https:\/\/mw-praezisionsdrehen.de\/en\/site-notice\/#breadcrumb","itemListElement":[{"@type":"ListItem","position":1,"name":"Home","item":"https:\/\/mw-praezisionsdrehen.de\/en\/"},{"@type":"ListItem","position":2,"name":"Site Notice"}]},{"@type":"WebSite","@id":"https:\/\/mw-praezisionsdrehen.de\/en\/#website","url":"https:\/\/mw-praezisionsdrehen.de\/en\/","name":"MW Industrieservice Pr\u00e4zisionsdrehtechnik","description":"","potentialAction":[{"@type":"SearchAction","target":{"@type":"EntryPoint","urlTemplate":"https:\/\/mw-praezisionsdrehen.de\/en\/?s={search_term_string}"},"query-input":{"@type":"PropertyValueSpecification","valueRequired":true,"valueName":"search_term_string"}}],"inLanguage":"en-US"}]}},"_links":{"self":[{"href":"https:\/\/mw-praezisionsdrehen.de\/en\/wp-json\/wp\/v2\/pages\/1129","targetHints":{"allow":["GET"]}}],"collection":[{"href":"https:\/\/mw-praezisionsdrehen.de\/en\/wp-json\/wp\/v2\/pages"}],"about":[{"href":"https:\/\/mw-praezisionsdrehen.de\/en\/wp-json\/wp\/v2\/types\/page"}],"author":[{"embeddable":true,"href":"https:\/\/mw-praezisionsdrehen.de\/en\/wp-json\/wp\/v2\/users\/7"}],"replies":[{"embeddable":true,"href":"https:\/\/mw-praezisionsdrehen.de\/en\/wp-json\/wp\/v2\/comments?post=1129"}],"version-history":[{"count":8,"href":"https:\/\/mw-praezisionsdrehen.de\/en\/wp-json\/wp\/v2\/pages\/1129\/revisions"}],"predecessor-version":[{"id":1359,"href":"https:\/\/mw-praezisionsdrehen.de\/en\/wp-json\/wp\/v2\/pages\/1129\/revisions\/1359"}],"wp:attachment":[{"href":"https:\/\/mw-praezisionsdrehen.de\/en\/wp-json\/wp\/v2\/media?parent=1129"}],"curies":[{"name":"wp","href":"https:\/\/api.w.org\/{rel}","templated":true}]}}