{"id":1107,"date":"2021-11-10T14:45:33","date_gmt":"2021-11-10T13:45:33","guid":{"rendered":"https:\/\/mw-praezisionsdrehen.de\/about-us\/"},"modified":"2023-12-13T09:07:23","modified_gmt":"2023-12-13T08:07:23","slug":"about-us","status":"publish","type":"page","link":"https:\/\/mw-praezisionsdrehen.de\/en\/about-us\/","title":{"rendered":"About us"},"content":{"rendered":"<p>[et_pb_section fb_built=&#8221;1&#8243; _builder_version=&#8221;4.16&#8243; _module_preset=&#8221;default&#8221; custom_padding=&#8221;0px||0px||false|false&#8221; global_colors_info=&#8221;{}&#8221;][et_pb_row make_equal=&#8221;on&#8221; _builder_version=&#8221;4.23.1&#8243; _module_preset=&#8221;default&#8221; max_width=&#8221;100%&#8221; max_width_tablet=&#8221;100%&#8221; max_width_phone=&#8221;100%&#8221; hover_enabled=&#8221;0&#8243; global_colors_info=&#8221;{}&#8221; sticky_enabled=&#8221;0&#8243;][et_pb_column type=&#8221;4_4&#8243; _builder_version=&#8221;4.23.1&#8243; _module_preset=&#8221;default&#8221; custom_padding=&#8221;3rem|5vw|0px|5vw|false|true&#8221; hover_enabled=&#8221;0&#8243; global_colors_info=&#8221;{}&#8221; sticky_enabled=&#8221;0&#8243;][et_pb_text _builder_version=&#8221;4.23.1&#8243; _module_preset=&#8221;default&#8221; header_2_text_color=&#8221;#0a0606&#8243; hover_enabled=&#8221;0&#8243; header_2_text_shadow_style=&#8221;preset4&#8243; header_2_text_shadow_color=&#8221;#7A9DC3&#8243; global_colors_info=&#8221;{}&#8221; custom_padding=&#8221;0px||0px||false|false&#8221; sticky_enabled=&#8221;0&#8243;]<\/p>\n<h1>About us<\/h1>\n<p>Welcome to <strong>MW-Pr\u00e4zisionsdrehtechnik<\/strong>. With us, everything revolves around you!<\/p>\n<p>MW-Pr\u00e4zisionsdrehtechnik is a flexible family business that has been manufacturing small precision turned parts since 1997. Specializing in stainless steel, steel and non-ferrous metals, we are able to manufacture simple and\/or complex turned parts to customer specifications. As a family business, we offer our customers lasting benefits and are a service provider that values long-term cooperation[\/et_pb_text][\/et_pb_column][\/et_pb_row][et_pb_row column_structure=&#8221;1_2,1_2&#8243; make_equal=&#8221;on&#8221; _builder_version=&#8221;4.23.1&#8243; _module_preset=&#8221;default&#8221; max_width=&#8221;100%&#8221; max_width_tablet=&#8221;100%&#8221; max_width_phone=&#8221;100%&#8221; hover_enabled=&#8221;0&#8243; global_colors_info=&#8221;{}&#8221; sticky_enabled=&#8221;0&#8243; custom_padding=&#8221;3rem||3rem||true|false&#8221;][et_pb_column type=&#8221;1_2&#8243; _builder_version=&#8221;4.23.1&#8243; _module_preset=&#8221;default&#8221; custom_padding=&#8221;0px|5vw|0px|5vw|true|true&#8221; hover_enabled=&#8221;0&#8243; global_colors_info=&#8221;{}&#8221; sticky_enabled=&#8221;0&#8243;][et_pb_text _builder_version=&#8221;4.23.1&#8243; _module_preset=&#8221;default&#8221; header_2_font=&#8221;|600|||||||&#8221; header_2_text_color=&#8221;#0a0606&#8243; header_2_font_size=&#8221;25px&#8221; custom_margin=&#8221;||||false|false&#8221; hover_enabled=&#8221;0&#8243; global_colors_info=&#8221;{}&#8221; sticky_enabled=&#8221;0&#8243;]<\/p>\n<h2>Company history<\/h2>\n<p><strong>1997:<\/strong> Foundation of the company in the garage at home in Weitefeld<br \/><strong>2001:<\/strong> Recruitment of the first two employees<br \/><strong>2003:<\/strong> Relocation to a larger production hall in Elkenroth and acquisition of another larger CNC lathe (sliding headstock lathe)<br \/><strong>2004:<\/strong> Recruitment of two further employees<br \/>Entry into the production of wear parts for the welding and cutting industry.<br \/>Purchase of another CNC lathe<br \/><strong>2007: 10th anniversary of the company<br \/>2008:<\/strong> Expansion of production through the purchase of a further<br \/>CNC lathe and recruitment of a further 3 employees.<br \/>Entry into shift operation<br \/><strong>2010:<\/strong> Production expansion through the acquisition of a further<br \/>CNC-lathe<br \/><strong>2012:<\/strong> Expansion and conversion of the measuring and testing facilities<br \/>by optical measuring method.<br \/><strong>2015:<\/strong> Production expansion with engraving machines<br \/><strong>2017: 20th anniversary of the company<\/strong><br \/>Recruitment of additional employees<br \/><strong>2022: 25th anniversary of the company<\/strong><br \/>Production expansion with an additional CNC machine<\/p>\n<p>[\/et_pb_text][\/et_pb_column][et_pb_column type=&#8221;1_2&#8243; _builder_version=&#8221;4.23.1&#8243; _module_preset=&#8221;default&#8221; hover_enabled=&#8221;0&#8243; global_colors_info=&#8221;{}&#8221; background_enable_image=&#8221;off&#8221; sticky_enabled=&#8221;0&#8243; module_class=&#8221;vertical-align&#8221;][et_pb_image src=&#8221;https:\/\/mw-praezisionsdrehen.de\/wp-content\/uploads\/Baugruppe-mit-elektronischen-Endschaltern.jpg&#8221; _builder_version=&#8221;4.23.1&#8243; _module_preset=&#8221;default&#8221; hover_enabled=&#8221;0&#8243; sticky_enabled=&#8221;0&#8243; title_text=&#8221;Assembly with electronic limit switches&#8221; align=&#8221;center&#8221;][\/et_pb_image][\/et_pb_column][\/et_pb_row][\/et_pb_section]<\/p>\n","protected":false},"excerpt":{"rendered":"<p>About us Welcome to MW-Pr\u00e4zisionsdrehtechnik. With us, everything revolves around you! MW-Pr\u00e4zisionsdrehtechnik is a flexible family business that has been manufacturing small precision turned parts since 1997. Specializing in stainless steel, steel and non-ferrous metals, we are able to manufacture simple and\/or complex turned parts to customer specifications. As a family business, we offer our [&hellip;]<\/p>\n","protected":false},"author":7,"featured_media":0,"parent":0,"menu_order":300,"comment_status":"closed","ping_status":"closed","template":"","meta":{"_et_pb_use_builder":"on","_et_pb_old_content":"","_et_gb_content_width":"","inline_featured_image":false,"footnotes":""},"class_list":["post-1107","page","type-page","status-publish","hentry"],"yoast_head":"<!-- This site is optimized with the Yoast SEO plugin v26.1.1 - https:\/\/yoast.com\/wordpress\/plugins\/seo\/ -->\n<title>About us - MW Industrieservice Pr\u00e4zisionsdrehtechnik<\/title>\n<meta name=\"robots\" content=\"index, follow, max-snippet:-1, max-image-preview:large, max-video-preview:-1\" \/>\n<link rel=\"canonical\" href=\"https:\/\/mw-praezisionsdrehen.de\/en\/about-us\/\" \/>\n<meta property=\"og:locale\" content=\"en_US\" \/>\n<meta property=\"og:type\" content=\"article\" \/>\n<meta property=\"og:title\" content=\"About us - MW Industrieservice Pr\u00e4zisionsdrehtechnik\" \/>\n<meta property=\"og:description\" content=\"About us Welcome to MW-Pr\u00e4zisionsdrehtechnik. With us, everything revolves around you! MW-Pr\u00e4zisionsdrehtechnik is a flexible family business that has been manufacturing small precision turned parts since 1997. Specializing in stainless steel, steel and non-ferrous metals, we are able to manufacture simple and\/or complex turned parts to customer specifications. As a family business, we offer our [&hellip;]\" \/>\n<meta property=\"og:url\" content=\"https:\/\/mw-praezisionsdrehen.de\/en\/about-us\/\" \/>\n<meta property=\"og:site_name\" content=\"MW Industrieservice Pr\u00e4zisionsdrehtechnik\" \/>\n<meta property=\"article:modified_time\" content=\"2023-12-13T08:07:23+00:00\" \/>\n<meta name=\"twitter:card\" content=\"summary_large_image\" \/>\n<meta name=\"twitter:label1\" content=\"Est. reading time\" \/>\n\t<meta name=\"twitter:data1\" content=\"2 minutes\" \/>\n<script type=\"application\/ld+json\" class=\"yoast-schema-graph\">{\"@context\":\"https:\/\/schema.org\",\"@graph\":[{\"@type\":\"WebPage\",\"@id\":\"https:\/\/mw-praezisionsdrehen.de\/en\/about-us\/\",\"url\":\"https:\/\/mw-praezisionsdrehen.de\/en\/about-us\/\",\"name\":\"About us - MW Industrieservice Pr\u00e4zisionsdrehtechnik\",\"isPartOf\":{\"@id\":\"https:\/\/mw-praezisionsdrehen.de\/en\/#website\"},\"datePublished\":\"2021-11-10T13:45:33+00:00\",\"dateModified\":\"2023-12-13T08:07:23+00:00\",\"breadcrumb\":{\"@id\":\"https:\/\/mw-praezisionsdrehen.de\/en\/about-us\/#breadcrumb\"},\"inLanguage\":\"en-US\",\"potentialAction\":[{\"@type\":\"ReadAction\",\"target\":[\"https:\/\/mw-praezisionsdrehen.de\/en\/about-us\/\"]}]},{\"@type\":\"BreadcrumbList\",\"@id\":\"https:\/\/mw-praezisionsdrehen.de\/en\/about-us\/#breadcrumb\",\"itemListElement\":[{\"@type\":\"ListItem\",\"position\":1,\"name\":\"Home\",\"item\":\"https:\/\/mw-praezisionsdrehen.de\/en\/\"},{\"@type\":\"ListItem\",\"position\":2,\"name\":\"About us\"}]},{\"@type\":\"WebSite\",\"@id\":\"https:\/\/mw-praezisionsdrehen.de\/en\/#website\",\"url\":\"https:\/\/mw-praezisionsdrehen.de\/en\/\",\"name\":\"MW Industrieservice Pr\u00e4zisionsdrehtechnik\",\"description\":\"\",\"potentialAction\":[{\"@type\":\"SearchAction\",\"target\":{\"@type\":\"EntryPoint\",\"urlTemplate\":\"https:\/\/mw-praezisionsdrehen.de\/en\/?s={search_term_string}\"},\"query-input\":{\"@type\":\"PropertyValueSpecification\",\"valueRequired\":true,\"valueName\":\"search_term_string\"}}],\"inLanguage\":\"en-US\"}]}<\/script>\n<!-- \/ Yoast SEO plugin. -->","yoast_head_json":{"title":"About us - MW Industrieservice Pr\u00e4zisionsdrehtechnik","robots":{"index":"index","follow":"follow","max-snippet":"max-snippet:-1","max-image-preview":"max-image-preview:large","max-video-preview":"max-video-preview:-1"},"canonical":"https:\/\/mw-praezisionsdrehen.de\/en\/about-us\/","og_locale":"en_US","og_type":"article","og_title":"About us - MW Industrieservice Pr\u00e4zisionsdrehtechnik","og_description":"About us Welcome to MW-Pr\u00e4zisionsdrehtechnik. With us, everything revolves around you! MW-Pr\u00e4zisionsdrehtechnik is a flexible family business that has been manufacturing small precision turned parts since 1997. Specializing in stainless steel, steel and non-ferrous metals, we are able to manufacture simple and\/or complex turned parts to customer specifications. As a family business, we offer our [&hellip;]","og_url":"https:\/\/mw-praezisionsdrehen.de\/en\/about-us\/","og_site_name":"MW Industrieservice Pr\u00e4zisionsdrehtechnik","article_modified_time":"2023-12-13T08:07:23+00:00","twitter_card":"summary_large_image","twitter_misc":{"Est. reading time":"2 minutes"},"schema":{"@context":"https:\/\/schema.org","@graph":[{"@type":"WebPage","@id":"https:\/\/mw-praezisionsdrehen.de\/en\/about-us\/","url":"https:\/\/mw-praezisionsdrehen.de\/en\/about-us\/","name":"About us - MW Industrieservice Pr\u00e4zisionsdrehtechnik","isPartOf":{"@id":"https:\/\/mw-praezisionsdrehen.de\/en\/#website"},"datePublished":"2021-11-10T13:45:33+00:00","dateModified":"2023-12-13T08:07:23+00:00","breadcrumb":{"@id":"https:\/\/mw-praezisionsdrehen.de\/en\/about-us\/#breadcrumb"},"inLanguage":"en-US","potentialAction":[{"@type":"ReadAction","target":["https:\/\/mw-praezisionsdrehen.de\/en\/about-us\/"]}]},{"@type":"BreadcrumbList","@id":"https:\/\/mw-praezisionsdrehen.de\/en\/about-us\/#breadcrumb","itemListElement":[{"@type":"ListItem","position":1,"name":"Home","item":"https:\/\/mw-praezisionsdrehen.de\/en\/"},{"@type":"ListItem","position":2,"name":"About us"}]},{"@type":"WebSite","@id":"https:\/\/mw-praezisionsdrehen.de\/en\/#website","url":"https:\/\/mw-praezisionsdrehen.de\/en\/","name":"MW Industrieservice Pr\u00e4zisionsdrehtechnik","description":"","potentialAction":[{"@type":"SearchAction","target":{"@type":"EntryPoint","urlTemplate":"https:\/\/mw-praezisionsdrehen.de\/en\/?s={search_term_string}"},"query-input":{"@type":"PropertyValueSpecification","valueRequired":true,"valueName":"search_term_string"}}],"inLanguage":"en-US"}]}},"_links":{"self":[{"href":"https:\/\/mw-praezisionsdrehen.de\/en\/wp-json\/wp\/v2\/pages\/1107","targetHints":{"allow":["GET"]}}],"collection":[{"href":"https:\/\/mw-praezisionsdrehen.de\/en\/wp-json\/wp\/v2\/pages"}],"about":[{"href":"https:\/\/mw-praezisionsdrehen.de\/en\/wp-json\/wp\/v2\/types\/page"}],"author":[{"embeddable":true,"href":"https:\/\/mw-praezisionsdrehen.de\/en\/wp-json\/wp\/v2\/users\/7"}],"replies":[{"embeddable":true,"href":"https:\/\/mw-praezisionsdrehen.de\/en\/wp-json\/wp\/v2\/comments?post=1107"}],"version-history":[{"count":2,"href":"https:\/\/mw-praezisionsdrehen.de\/en\/wp-json\/wp\/v2\/pages\/1107\/revisions"}],"predecessor-version":[{"id":1109,"href":"https:\/\/mw-praezisionsdrehen.de\/en\/wp-json\/wp\/v2\/pages\/1107\/revisions\/1109"}],"wp:attachment":[{"href":"https:\/\/mw-praezisionsdrehen.de\/en\/wp-json\/wp\/v2\/media?parent=1107"}],"curies":[{"name":"wp","href":"https:\/\/api.w.org\/{rel}","templated":true}]}}